{"id":2,"date":"2021-06-14T20:30:33","date_gmt":"2021-06-14T23:30:33","guid":{"rendered":"http:\/\/impullsehub.com.br\/hub\/?page_id=2"},"modified":"2021-09-29T17:59:42","modified_gmt":"2021-09-29T20:59:42","slug":"pagina-exemplo","status":"publish","type":"page","link":"https:\/\/impullsehub.com.br\/hub\/","title":{"rendered":"HOME"},"content":{"rendered":"\n<blockquote class=\"wp-block-quote is-layout-flow wp-block-quote-is-layout-flow\"><p>A Impullse Hub \u00e9 um modelo de neg\u00f3cio de comunica\u00e7\u00e3o criado em 2018, din\u00e2mico e atento \u00e0s tend\u00eancias globais de presta\u00e7\u00e3o de servi\u00e7os nessa \u00e1rea, que busca atrav\u00e9s da expertise aprofundada em planejamento estrat\u00e9gico de comunica\u00e7\u00e3o, gera\u00e7\u00e3o de conte\u00fado, cria\u00e7\u00e3o e produ\u00e7\u00e3o on &amp; off line ofertar aos seus clientes, os servi\u00e7os e profissionais mais adequados para impulsionar marcas, empresas, ideias e a\u00e7\u00f5es.<\/p><\/blockquote>\n","protected":false},"excerpt":{"rendered":"<p>A Impullse Hub \u00e9 um modelo de neg\u00f3cio de comunica\u00e7\u00e3o criado em 2018, din\u00e2mico e atento \u00e0s tend\u00eancias globais de presta\u00e7\u00e3o de servi\u00e7os nessa \u00e1rea, que busca atrav\u00e9s da expertise aprofundada em planejamento estrat\u00e9gico de comunica\u00e7\u00e3o, gera\u00e7\u00e3o de conte\u00fado, cria\u00e7\u00e3o e produ\u00e7\u00e3o on &amp; off line ofertar aos seus clientes, os servi\u00e7os e profissionais mais<\/p>\n","protected":false},"author":1,"featured_media":0,"parent":0,"menu_order":0,"comment_status":"closed","ping_status":"open","template":"","meta":{"_monsterinsights_skip_tracking":false,"_monsterinsights_sitenote_active":false,"_monsterinsights_sitenote_note":"","_monsterinsights_sitenote_category":0,"footnotes":""},"class_list":["post-2","page","type-page","status-publish","hentry"],"_links":{"self":[{"href":"https:\/\/impullsehub.com.br\/hub\/wp-json\/wp\/v2\/pages\/2","targetHints":{"allow":["GET"]}}],"collection":[{"href":"https:\/\/impullsehub.com.br\/hub\/wp-json\/wp\/v2\/pages"}],"about":[{"href":"https:\/\/impullsehub.com.br\/hub\/wp-json\/wp\/v2\/types\/page"}],"author":[{"embeddable":true,"href":"https:\/\/impullsehub.com.br\/hub\/wp-json\/wp\/v2\/users\/1"}],"replies":[{"embeddable":true,"href":"https:\/\/impullsehub.com.br\/hub\/wp-json\/wp\/v2\/comments?post=2"}],"version-history":[{"count":5,"href":"https:\/\/impullsehub.com.br\/hub\/wp-json\/wp\/v2\/pages\/2\/revisions"}],"predecessor-version":[{"id":433,"href":"https:\/\/impullsehub.com.br\/hub\/wp-json\/wp\/v2\/pages\/2\/revisions\/433"}],"wp:attachment":[{"href":"https:\/\/impullsehub.com.br\/hub\/wp-json\/wp\/v2\/media?parent=2"}],"curies":[{"name":"wp","href":"https:\/\/api.w.org\/{rel}","templated":true}]}}