{"id":372,"date":"2021-09-03T11:23:45","date_gmt":"2021-09-03T14:23:45","guid":{"rendered":"https:\/\/impullsehub.com.br\/hub\/?page_id=372"},"modified":"2021-09-29T18:01:30","modified_gmt":"2021-09-29T21:01:30","slug":"afrofuturismo","status":"publish","type":"page","link":"https:\/\/impullsehub.com.br\/hub\/afrofuturismo\/","title":{"rendered":"Afro futurismo"},"content":{"rendered":"\n<p>Afrofuturismo em perspectiva<br>Conex\u00f5es que encantam. Cria\u00e7\u00f5es que transformam.<\/p>\n\n\n\n<p><strong>OBJETIVO GERAL DO PROJETO<\/strong><\/p>\n\n\n\n<p>Realiza\u00e7\u00e3o de um ciclo de 5 encontros entre artistas e pesquisadores com objetivo de ampliar e difundir o conceito do movimento e est\u00e9tica cultural internacionalmente conhecido como: \u201cAfrofuturismo\u201d com exposi\u00e7\u00f5es e di\u00e1logos entre formadores de opini\u00e3o, gestores culturais e entusiastas do movimento que ser\u00e3o realizados em plataforma on-line<\/p>\n","protected":false},"excerpt":{"rendered":"<p>Afrofuturismo em perspectivaConex\u00f5es que encantam. Cria\u00e7\u00f5es que transformam. OBJETIVO GERAL DO PROJETO Realiza\u00e7\u00e3o de um ciclo de 5 encontros entre artistas e pesquisadores com objetivo de ampliar e difundir o conceito do movimento e est\u00e9tica cultural internacionalmente conhecido como: \u201cAfrofuturismo\u201d com exposi\u00e7\u00f5es e di\u00e1logos entre formadores de opini\u00e3o, gestores culturais e entusiastas do movimento que<\/p>\n","protected":false},"author":1,"featured_media":378,"parent":0,"menu_order":0,"comment_status":"closed","ping_status":"closed","template":"","meta":{"_monsterinsights_skip_tracking":false,"_monsterinsights_sitenote_active":false,"_monsterinsights_sitenote_note":"","_monsterinsights_sitenote_category":0,"footnotes":""},"class_list":["post-372","page","type-page","status-publish","has-post-thumbnail","hentry"],"_links":{"self":[{"href":"https:\/\/impullsehub.com.br\/hub\/wp-json\/wp\/v2\/pages\/372","targetHints":{"allow":["GET"]}}],"collection":[{"href":"https:\/\/impullsehub.com.br\/hub\/wp-json\/wp\/v2\/pages"}],"about":[{"href":"https:\/\/impullsehub.com.br\/hub\/wp-json\/wp\/v2\/types\/page"}],"author":[{"embeddable":true,"href":"https:\/\/impullsehub.com.br\/hub\/wp-json\/wp\/v2\/users\/1"}],"replies":[{"embeddable":true,"href":"https:\/\/impullsehub.com.br\/hub\/wp-json\/wp\/v2\/comments?post=372"}],"version-history":[{"count":5,"href":"https:\/\/impullsehub.com.br\/hub\/wp-json\/wp\/v2\/pages\/372\/revisions"}],"predecessor-version":[{"id":434,"href":"https:\/\/impullsehub.com.br\/hub\/wp-json\/wp\/v2\/pages\/372\/revisions\/434"}],"wp:featuredmedia":[{"embeddable":true,"href":"https:\/\/impullsehub.com.br\/hub\/wp-json\/wp\/v2\/media\/378"}],"wp:attachment":[{"href":"https:\/\/impullsehub.com.br\/hub\/wp-json\/wp\/v2\/media?parent=372"}],"curies":[{"name":"wp","href":"https:\/\/api.w.org\/{rel}","templated":true}]}}